{"id":390,"date":"2025-04-26T10:28:07","date_gmt":"2025-04-26T08:28:07","guid":{"rendered":"https:\/\/belgiumtransfer.be\/?page_id=390"},"modified":"2025-04-26T11:00:11","modified_gmt":"2025-04-26T09:00:11","slug":"nos-services","status":"publish","type":"page","link":"https:\/\/belgiumtransfer.be\/index.php\/nos-services\/","title":{"rendered":"nos services"},"content":{"rendered":"\n<h1 class=\"wp-block-heading\">Nos Services \u2013 Navette A\u00e9roport Belgique | Sp\u00e9cialiste Charleroi (CRL)<\/h1>\n\n\n\n<h2 class=\"wp-block-heading\">Service de Navette A\u00e9roport dans toute <strong>la Belgique<\/strong><\/h2>\n\n\n\n<p><strong>Belgium Transfer<\/strong> est votre partenaire de confiance pour vos <strong>transferts vers tous les a\u00e9roports de Belgique<\/strong>. Nous vous proposons un service de <strong>navette a\u00e9roport fiable<\/strong>, ponctuel et confortable, au d\u00e9part de toutes les villes du pays.<\/p>\n\n\n\n<p>Que vous soyez \u00e0 Bruxelles, Anvers, Li\u00e8ge, Namur, Mons ou ailleurs, nous organisons votre transfert avec professionnalisme.<\/p>\n\n\n\n<h2 class=\"wp-block-heading\">Sp\u00e9cialiste du Transport vers l\u2019A\u00e9roport de Charleroi (CRL)<\/h2>\n\n\n\n<p>Notre expertise est particuli\u00e8rement reconnue pour les <strong>transferts vers et depuis l\u2019A\u00e9roport de Charleroi (CRL)<\/strong>.<br>Situ\u00e9 au c\u0153ur de la Wallonie, <strong>l\u2019A\u00e9roport de Charleroi<\/strong> est un hub important pour les voyageurs en Belgique et en Europe.<br>Notre \u00e9quipe, bas\u00e9e dans la <strong>r\u00e9gion de Charleroi<\/strong>, conna\u00eet parfaitement toutes les routes pour garantir <strong>des navettes rapides et sans stress<\/strong>.<\/p>\n\n\n\n<p>Profitez d\u2019un service sur mesure :<\/p>\n\n\n\n<ul class=\"wp-block-list\">\n<li>Transfert priv\u00e9 ou partag\u00e9 vers <strong>Charleroi A\u00e9roport (CRL)<\/strong>.<\/li>\n\n\n\n<li>Prise en charge \u00e0 domicile ou \u00e0 votre h\u00f4tel.<\/li>\n\n\n\n<li>V\u00e9hicules r\u00e9cents, confortables et d\u00e9sinfect\u00e9s apr\u00e8s chaque trajet.<\/li>\n<\/ul>\n\n\n\n<h2 class=\"wp-block-heading\">Pourquoi choisir Belgium Transfer ?<\/h2>\n\n\n\n<p>\u2705 <strong>Ponctualit\u00e9 garantie<\/strong> pour ne jamais rater votre vol.<br>\u2705 <strong>Prix comp\u00e9titifs<\/strong> sans surprise.<br>\u2705 <strong>Chauffeurs professionnels<\/strong> et bilingues (fran\u00e7ais\/anglais).<br>\u2705 <strong>Disponibilit\u00e9 24\/7<\/strong>, m\u00eame pour les d\u00e9parts matinaux ou de nuit.<br>\u2705 <strong>R\u00e9servation simple<\/strong> par t\u00e9l\u00e9phone ou en ligne.<\/p>\n\n\n\n<h2 class=\"wp-block-heading\">Nos principales destinations :<\/h2>\n\n\n\n<ul class=\"wp-block-list\">\n<li>A\u00e9roport de Charleroi (CRL)<\/li>\n\n\n\n<li>A\u00e9roport de Bruxelles (BRU &#8211; Zaventem)<\/li>\n\n\n\n<li>A\u00e9roport de Li\u00e8ge (LGG)<\/li>\n\n\n\n<li>A\u00e9roport d\u2019Ostende<\/li>\n\n\n\n<li>Toutes les grandes villes et gares de Belgique<\/li>\n<\/ul>\n\n\n\n<h2 class=\"wp-block-heading\">R\u00e9servez votre navette d\u00e8s aujourd&rsquo;hui !<\/h2>\n\n\n\n<p><strong>Ne perdez plus de temps<\/strong> \u00e0 chercher un taxi ou un transporteur \u00e0 la derni\u00e8re minute.<br>Avec <strong>Belgium Transfer<\/strong>, votre <strong>navette vers l&rsquo;a\u00e9roport de Charleroi ou tout autre a\u00e9roport en Belgique<\/strong> est entre de bonnes mains.<\/p>\n\n\n\n<p>\ud83d\udcde Contactez-nous au +32486067927<br>\u2709\ufe0f R\u00e9servez en ligne sur <a href=\"https:\/\/www.belgium-transfer.be\/\">https:\/\/www.belgium-transfer.be\/<\/a><\/p>\n\n\n\n<p><\/p>\n","protected":false},"excerpt":{"rendered":"<p>Nos Services \u2013 Navette A\u00e9roport Belgique | Sp\u00e9cialiste Charleroi (CRL) Service de Navette A\u00e9roport dans toute la Belgique Belgium Transfer est votre partenaire de confiance pour vos transferts vers tous les a\u00e9roports de Belgique. Nous vous proposons un service de navette a\u00e9roport fiable, ponctuel et confortable, au d\u00e9part de toutes les villes du pays. Que&hellip; <a class=\"more-link\" href=\"https:\/\/belgiumtransfer.be\/index.php\/nos-services\/\">Poursuivre la lecture <span class=\"screen-reader-text\">nos services<\/span><\/a><\/p>\n","protected":false},"author":1,"featured_media":0,"parent":0,"menu_order":0,"comment_status":"closed","ping_status":"closed","template":"","meta":{"chauffeur_payment_status":"","chauffeur_payment_amount":"","chauffeur_payment_method":"","chauffeur_payment_trip_type":"","chauffeur_payment_item_name":"","chauffeur_payment_pickup_address":"","chauffeur_payment_dropoff_address":"","chauffeur_payment_pickup_date":"","chauffeur_payment_pickup_time":"","chauffeur_payment_num_passengers":"","chauffeur_payment_num_bags":"","chauffeur_payment_first_name":"","chauffeur_payment_last_name":"","chauffeur_payment_email":"","chauffeur_payment_phone_num":"","chauffeur_payment_trip_distance":"","chauffeur_payment_flight_number":"","chauffeur_payment_trip_time":"","chauffeur_payment_additional_info":"","footnotes":""},"class_list":["post-390","page","type-page","status-publish","hentry","entry"],"acf":[],"_links":{"self":[{"href":"https:\/\/belgiumtransfer.be\/index.php\/wp-json\/wp\/v2\/pages\/390","targetHints":{"allow":["GET"]}}],"collection":[{"href":"https:\/\/belgiumtransfer.be\/index.php\/wp-json\/wp\/v2\/pages"}],"about":[{"href":"https:\/\/belgiumtransfer.be\/index.php\/wp-json\/wp\/v2\/types\/page"}],"author":[{"embeddable":true,"href":"https:\/\/belgiumtransfer.be\/index.php\/wp-json\/wp\/v2\/users\/1"}],"replies":[{"embeddable":true,"href":"https:\/\/belgiumtransfer.be\/index.php\/wp-json\/wp\/v2\/comments?post=390"}],"version-history":[{"count":1,"href":"https:\/\/belgiumtransfer.be\/index.php\/wp-json\/wp\/v2\/pages\/390\/revisions"}],"predecessor-version":[{"id":391,"href":"https:\/\/belgiumtransfer.be\/index.php\/wp-json\/wp\/v2\/pages\/390\/revisions\/391"}],"wp:attachment":[{"href":"https:\/\/belgiumtransfer.be\/index.php\/wp-json\/wp\/v2\/media?parent=390"}],"curies":[{"name":"wp","href":"https:\/\/api.w.org\/{rel}","templated":true}]}}